{"id":5531,"date":"2026-02-18T09:18:16","date_gmt":"2026-02-18T09:18:16","guid":{"rendered":"https:\/\/bgefc.org\/rapport-activite\/?page_id=5531"},"modified":"2026-02-18T09:18:16","modified_gmt":"2026-02-18T09:18:16","slug":"a-propos-de-bge-2024","status":"publish","type":"page","link":"https:\/\/bgefc.org\/rapport-activite\/a-propos-de-bge-2024","title":{"rendered":"\u00c0 propos de BGE &#8211; 2024"},"content":{"rendered":"\t\t<div data-elementor-type=\"wp-page\" data-elementor-id=\"5531\" class=\"elementor elementor-5531\">\n\t\t\t\t<div class=\"elementor-element elementor-element-3bec37d e-grid e-con-boxed e-con e-parent\" data-id=\"3bec37d\" data-element_type=\"container\" data-settings=\"{&quot;background_background&quot;:&quot;classic&quot;}\">\n\t\t\t\t\t<div class=\"e-con-inner\">\n\t\t\t\t<div class=\"elementor-element elementor-element-21348149 elementor-widget elementor-widget-image\" data-id=\"21348149\" data-element_type=\"widget\" data-widget_type=\"image.default\">\n\t\t\t\t<div class=\"elementor-widget-container\">\n\t\t\t\t\t\t\t\t\t\t\t\t\t\t\t<img fetchpriority=\"high\" decoding=\"async\" width=\"850\" height=\"850\" src=\"https:\/\/bgefc.org\/rapport-activite\/wp-content\/uploads\/2025\/03\/A-PROPOS-DE-BGE_sansfond-1.png\" class=\"attachment-large size-large wp-image-4429\" alt=\"\" srcset=\"https:\/\/bgefc.org\/rapport-activite\/wp-content\/uploads\/2025\/03\/A-PROPOS-DE-BGE_sansfond-1.png 850w, https:\/\/bgefc.org\/rapport-activite\/wp-content\/uploads\/2025\/03\/A-PROPOS-DE-BGE_sansfond-1-300x300.png 300w, https:\/\/bgefc.org\/rapport-activite\/wp-content\/uploads\/2025\/03\/A-PROPOS-DE-BGE_sansfond-1-150x150.png 150w, https:\/\/bgefc.org\/rapport-activite\/wp-content\/uploads\/2025\/03\/A-PROPOS-DE-BGE_sansfond-1-768x768.png 768w\" sizes=\"(max-width: 850px) 100vw, 850px\" \/>\t\t\t\t\t\t\t\t\t\t\t\t\t\t\t<\/div>\n\t\t\t\t<\/div>\n\t\t<div class=\"elementor-element elementor-element-693602d4 e-con-full e-flex e-con e-child\" data-id=\"693602d4\" data-element_type=\"container\">\n\t\t\t\t<div class=\"elementor-element elementor-element-66fade9d texte-sans-marge elementor-widget elementor-widget-text-editor\" data-id=\"66fade9d\" data-element_type=\"widget\" data-widget_type=\"text-editor.default\">\n\t\t\t\t<div class=\"elementor-widget-container\">\n\t\t\t\t\t\t\t\t\t<p>\u00c0 propos de BGE<\/p>\t\t\t\t\t\t\t\t<\/div>\n\t\t\t\t<\/div>\n\t\t\t\t<div class=\"elementor-element elementor-element-11ce5934 elementor-widget elementor-widget-text-editor\" data-id=\"11ce5934\" data-element_type=\"widget\" data-widget_type=\"text-editor.default\">\n\t\t\t\t<div class=\"elementor-widget-container\">\n\t\t\t\t\t\t\t\t\t<p>Avec ses 45 ann\u00e9es d\u2019expertise, 1 350 collaborateurs et 750 administrateurs b\u00e9n\u00e9voles, le r\u00e9seau BGE continue de se d\u00e9velopper, d\u2019exp\u00e9rimenter et de se mobiliser en faveur d\u2019un entrepreneuriat r\u00e9pondant aux enjeux \u00e9conomiques, sociaux et environnementaux de notre \u00e9poque.<\/p>\t\t\t\t\t\t\t\t<\/div>\n\t\t\t\t<\/div>\n\t\t\t\t<\/div>\n\t\t\t\t\t<\/div>\n\t\t\t\t<\/div>\n\t\t<div class=\"elementor-element elementor-element-e80fe91 e-grid e-con-boxed e-con e-parent\" data-id=\"e80fe91\" data-element_type=\"container\">\n\t\t\t\t\t<div class=\"e-con-inner\">\n\t\t<div class=\"elementor-element elementor-element-7af5371 e-con-full e-flex e-con e-child\" data-id=\"7af5371\" data-element_type=\"container\">\n\t\t\t\t<div class=\"elementor-element elementor-element-be29805 elementor-widget-divider--view-line elementor-widget elementor-widget-divider\" data-id=\"be29805\" data-element_type=\"widget\" data-widget_type=\"divider.default\">\n\t\t\t\t<div class=\"elementor-widget-container\">\n\t\t\t\t\t\t\t<div class=\"elementor-divider\">\n\t\t\t<span class=\"elementor-divider-separator\">\n\t\t\t\t\t\t<\/span>\n\t\t<\/div>\n\t\t\t\t\t\t<\/div>\n\t\t\t\t<\/div>\n\t\t\t\t<div class=\"elementor-element elementor-element-880e3e9 elementor-widget elementor-widget-text-editor\" data-id=\"880e3e9\" data-element_type=\"widget\" data-widget_type=\"text-editor.default\">\n\t\t\t\t<div class=\"elementor-widget-container\">\n\t\t\t\t\t\t\t\t\t<p><strong>4 engagements<\/strong><br \/>pour un entrepreneuriat responsable<\/p>\t\t\t\t\t\t\t\t<\/div>\n\t\t\t\t<\/div>\n\t\t\t\t<\/div>\n\t\t<div class=\"elementor-element elementor-element-69b6594 e-con-full e-flex elementor-invisible e-con e-child\" data-id=\"69b6594\" data-element_type=\"container\" data-settings=\"{&quot;animation&quot;:&quot;fadeInLeft&quot;}\">\n\t\t<div class=\"elementor-element elementor-element-6d6cdce e-con-full e-flex e-con e-child\" data-id=\"6d6cdce\" data-element_type=\"container\">\n\t\t\t\t<div class=\"elementor-element elementor-element-393d7a7 elementor-widget elementor-widget-image\" data-id=\"393d7a7\" data-element_type=\"widget\" data-widget_type=\"image.default\">\n\t\t\t\t<div class=\"elementor-widget-container\">\n\t\t\t\t\t\t\t\t\t\t\t\t\t\t\t<img decoding=\"async\" width=\"135\" height=\"135\" src=\"https:\/\/bgefc.org\/rapport-activite\/wp-content\/uploads\/2025\/03\/picto1-apropos2023.png\" class=\"attachment-large size-large wp-image-4443\" alt=\"\" \/>\t\t\t\t\t\t\t\t\t\t\t\t\t\t\t<\/div>\n\t\t\t\t<\/div>\n\t\t<div class=\"elementor-element elementor-element-c2f2b09 e-con-full e-flex e-con e-child\" data-id=\"c2f2b09\" data-element_type=\"container\">\n\t\t\t\t<div class=\"elementor-element elementor-element-c0c17c9 texte-sans-marge elementor-widget elementor-widget-text-editor\" data-id=\"c0c17c9\" data-element_type=\"widget\" data-widget_type=\"text-editor.default\">\n\t\t\t\t<div class=\"elementor-widget-container\">\n\t\t\t\t\t\t\t\t\t<p class=\"elementor-image-box-title\">D\u00e9mocratiser\nl\u2019acte d\u2019entreprendre<\/p>\t\t\t\t\t\t\t\t<\/div>\n\t\t\t\t<\/div>\n\t\t\t\t<div class=\"elementor-element elementor-element-90a4edd texte-sans-marge elementor-widget elementor-widget-text-editor\" data-id=\"90a4edd\" data-element_type=\"widget\" data-widget_type=\"text-editor.default\">\n\t\t\t\t<div class=\"elementor-widget-container\">\n\t\t\t\t\t\t\t\t\t<p>L\u2019entrepreneuriat, chemin de l\u2019ascenseur social<\/p>\t\t\t\t\t\t\t\t<\/div>\n\t\t\t\t<\/div>\n\t\t\t\t<\/div>\n\t\t\t\t<\/div>\n\t\t\t\t<div class=\"elementor-element elementor-element-1d0f97e li-marker-lightblue elementor-widget elementor-widget-text-editor\" data-id=\"1d0f97e\" data-element_type=\"widget\" data-widget_type=\"text-editor.default\">\n\t\t\t\t<div class=\"elementor-widget-container\">\n\t\t\t\t\t\t\t\t\t<ul><li>Trouver le potentiel entrepreneur\u00b7e partout o\u00f9 il peut \u00eatre<\/li><li>Permettre au plus grand nombre de s\u2019imaginer entrepreneur\u00b7e<\/li><li>Faire \u00e9merger de nouveaux profils de cr\u00e9ateur\u00b7rice\u00b7s de richesse<\/li><\/ul>\t\t\t\t\t\t\t\t<\/div>\n\t\t\t\t<\/div>\n\t\t\t\t<\/div>\n\t\t<div class=\"elementor-element elementor-element-904a346 e-con-full e-flex elementor-invisible e-con e-child\" data-id=\"904a346\" data-element_type=\"container\" data-settings=\"{&quot;animation&quot;:&quot;fadeInRight&quot;}\">\n\t\t<div class=\"elementor-element elementor-element-46775b3 e-con-full e-flex e-con e-child\" data-id=\"46775b3\" data-element_type=\"container\">\n\t\t\t\t<div class=\"elementor-element elementor-element-f2c88a4 elementor-widget elementor-widget-image\" data-id=\"f2c88a4\" data-element_type=\"widget\" data-widget_type=\"image.default\">\n\t\t\t\t<div class=\"elementor-widget-container\">\n\t\t\t\t\t\t\t\t\t\t\t\t\t\t\t<img decoding=\"async\" width=\"135\" height=\"135\" src=\"https:\/\/bgefc.org\/rapport-activite\/wp-content\/uploads\/2025\/03\/picto2-apropos2023.png\" class=\"attachment-large size-large wp-image-4444\" alt=\"\" \/>\t\t\t\t\t\t\t\t\t\t\t\t\t\t\t<\/div>\n\t\t\t\t<\/div>\n\t\t<div class=\"elementor-element elementor-element-ae621c3 e-con-full e-flex e-con e-child\" data-id=\"ae621c3\" data-element_type=\"container\">\n\t\t\t\t<div class=\"elementor-element elementor-element-51d3e21 texte-sans-marge elementor-widget elementor-widget-text-editor\" data-id=\"51d3e21\" data-element_type=\"widget\" data-widget_type=\"text-editor.default\">\n\t\t\t\t<div class=\"elementor-widget-container\">\n\t\t\t\t\t\t\t\t\t<p class=\"elementor-image-box-title\">R\u00e9unir les conditions de la r\u00e9ussite entrepreneuriale<\/h3>\t\t\t\t\t\t\t\t<\/div>\n\t\t\t\t<\/div>\n\t\t\t\t<div class=\"elementor-element elementor-element-c850486 texte-sans-marge elementor-widget elementor-widget-text-editor\" data-id=\"c850486\" data-element_type=\"widget\" data-widget_type=\"text-editor.default\">\n\t\t\t\t<div class=\"elementor-widget-container\">\n\t\t\t\t\t\t\t\t\t<p>L\u2019entrepreneuriat, une question de comp\u00e9tences<\/p>\t\t\t\t\t\t\t\t<\/div>\n\t\t\t\t<\/div>\n\t\t\t\t<\/div>\n\t\t\t\t<\/div>\n\t\t\t\t<div class=\"elementor-element elementor-element-4cf61da li-marker-lightblue elementor-widget elementor-widget-text-editor\" data-id=\"4cf61da\" data-element_type=\"widget\" data-widget_type=\"text-editor.default\">\n\t\t\t\t<div class=\"elementor-widget-container\">\n\t\t\t\t\t\t\t\t\t<ul><li>Transmettre savoir-faire et savoir-\u00eatre entrepreneuriaux<\/li><li>S\u00e9curiser les parcours professionnels<\/li><li>\u00c9viter des cr\u00e9ations d\u2019entreprises vou\u00e9es \u00e0 l\u2019\u00e9chec<\/li><\/ul>\t\t\t\t\t\t\t\t<\/div>\n\t\t\t\t<\/div>\n\t\t\t\t<\/div>\n\t\t<div class=\"elementor-element elementor-element-a515470 e-con-full e-flex elementor-invisible e-con e-child\" data-id=\"a515470\" data-element_type=\"container\" data-settings=\"{&quot;animation&quot;:&quot;fadeInLeft&quot;}\">\n\t\t<div class=\"elementor-element elementor-element-28bc27c e-con-full e-flex e-con e-child\" data-id=\"28bc27c\" data-element_type=\"container\">\n\t\t\t\t<div class=\"elementor-element elementor-element-69ec29c elementor-widget elementor-widget-image\" data-id=\"69ec29c\" data-element_type=\"widget\" data-widget_type=\"image.default\">\n\t\t\t\t<div class=\"elementor-widget-container\">\n\t\t\t\t\t\t\t\t\t\t\t\t\t\t\t<img loading=\"lazy\" decoding=\"async\" width=\"135\" height=\"135\" src=\"https:\/\/bgefc.org\/rapport-activite\/wp-content\/uploads\/2025\/03\/picto3-apropos2023.png\" class=\"attachment-large size-large wp-image-4445\" alt=\"\" \/>\t\t\t\t\t\t\t\t\t\t\t\t\t\t\t<\/div>\n\t\t\t\t<\/div>\n\t\t<div class=\"elementor-element elementor-element-85dd898 e-con-full e-flex e-con e-child\" data-id=\"85dd898\" data-element_type=\"container\">\n\t\t\t\t<div class=\"elementor-element elementor-element-3d4391a texte-sans-marge elementor-widget elementor-widget-text-editor\" data-id=\"3d4391a\" data-element_type=\"widget\" data-widget_type=\"text-editor.default\">\n\t\t\t\t<div class=\"elementor-widget-container\">\n\t\t\t\t\t\t\t\t\t<p class=\"elementor-image-box-title\"><br \/>Travailler<br \/>avec tous les profils<\/p>\t\t\t\t\t\t\t\t<\/div>\n\t\t\t\t<\/div>\n\t\t\t\t<div class=\"elementor-element elementor-element-90b58c5 texte-sans-marge elementor-widget elementor-widget-text-editor\" data-id=\"90b58c5\" data-element_type=\"widget\" data-widget_type=\"text-editor.default\">\n\t\t\t\t<div class=\"elementor-widget-container\">\n\t\t\t\t\t\t\t\t\t<p>L\u2019entrepreneuriat, une question de contextes, non d\u2019arch\u00e9types<\/p>\t\t\t\t\t\t\t\t<\/div>\n\t\t\t\t<\/div>\n\t\t\t\t<\/div>\n\t\t\t\t<\/div>\n\t\t\t\t<div class=\"elementor-element elementor-element-b9ca3e2 li-marker-lightblue elementor-widget elementor-widget-text-editor\" data-id=\"b9ca3e2\" data-element_type=\"widget\" data-widget_type=\"text-editor.default\">\n\t\t\t\t<div class=\"elementor-widget-container\">\n\t\t\t\t\t\t\t\t\t<ul><li>Savoir r\u00e9pondre aux besoins de chacun<\/li><li>Proposer une p\u00e9dagogie sur mesure :<br \/>1 personne = 1 parcours<\/li><\/ul>\t\t\t\t\t\t\t\t<\/div>\n\t\t\t\t<\/div>\n\t\t\t\t<\/div>\n\t\t<div class=\"elementor-element elementor-element-1eab5f6 e-con-full e-flex elementor-invisible e-con e-child\" data-id=\"1eab5f6\" data-element_type=\"container\" data-settings=\"{&quot;animation&quot;:&quot;fadeInRight&quot;}\">\n\t\t<div class=\"elementor-element elementor-element-854fe91 e-con-full e-flex e-con e-child\" data-id=\"854fe91\" data-element_type=\"container\">\n\t\t\t\t<div class=\"elementor-element elementor-element-dc8ca88 elementor-widget elementor-widget-image\" data-id=\"dc8ca88\" data-element_type=\"widget\" data-widget_type=\"image.default\">\n\t\t\t\t<div class=\"elementor-widget-container\">\n\t\t\t\t\t\t\t\t\t\t\t\t\t\t\t<img loading=\"lazy\" decoding=\"async\" width=\"135\" height=\"135\" src=\"https:\/\/bgefc.org\/rapport-activite\/wp-content\/uploads\/2025\/03\/picto4-apropos2023.png\" class=\"attachment-large size-large wp-image-4446\" alt=\"\" \/>\t\t\t\t\t\t\t\t\t\t\t\t\t\t\t<\/div>\n\t\t\t\t<\/div>\n\t\t<div class=\"elementor-element elementor-element-b9e2efc e-con-full e-flex e-con e-child\" data-id=\"b9e2efc\" data-element_type=\"container\">\n\t\t\t\t<div class=\"elementor-element elementor-element-5cc20c7 texte-sans-marge elementor-widget elementor-widget-text-editor\" data-id=\"5cc20c7\" data-element_type=\"widget\" data-widget_type=\"text-editor.default\">\n\t\t\t\t<div class=\"elementor-widget-container\">\n\t\t\t\t\t\t\t\t\t<p class=\"elementor-image-box-title\">Aider au d\u00e9veloppement \u00e9quilibr\u00e9 et solidaire <br \/>des territoires<\/p>\t\t\t\t\t\t\t\t<\/div>\n\t\t\t\t<\/div>\n\t\t\t\t<div class=\"elementor-element elementor-element-a019a68 texte-sans-marge elementor-widget elementor-widget-text-editor\" data-id=\"a019a68\" data-element_type=\"widget\" data-widget_type=\"text-editor.default\">\n\t\t\t\t<div class=\"elementor-widget-container\">\n\t\t\t\t\t\t\t\t\t<p>L&rsquo;entrepreneuriat, \u00e0 la crois\u00e9e de tous les enjeux locaux<\/p>\t\t\t\t\t\t\t\t<\/div>\n\t\t\t\t<\/div>\n\t\t\t\t<\/div>\n\t\t\t\t<\/div>\n\t\t\t\t<div class=\"elementor-element elementor-element-5f86814 li-marker-lightblue elementor-widget elementor-widget-text-editor\" data-id=\"5f86814\" data-element_type=\"widget\" data-widget_type=\"text-editor.default\">\n\t\t\t\t<div class=\"elementor-widget-container\">\n\t\t\t\t\t\t\t\t\t<ul><li>R\u00e9pondre aux besoins des populations locales<br \/>Cr\u00e9er de l\u2019emploi et de la richesse non d\u00e9localisables<\/li><li>Travailler en proximit\u00e9 (fournisseurs, clients)<\/li><li>Ma\u00eetriser son impact social et environnemental<\/li><\/ul>\t\t\t\t\t\t\t\t<\/div>\n\t\t\t\t<\/div>\n\t\t\t\t<\/div>\n\t\t\t\t\t<\/div>\n\t\t\t\t<\/div>\n\t\t<div class=\"elementor-element elementor-element-70ff7c8 e-flex e-con-boxed e-con e-parent\" data-id=\"70ff7c8\" data-element_type=\"container\">\n\t\t\t\t\t<div class=\"e-con-inner\">\n\t\t<div class=\"elementor-element elementor-element-7075b77 e-con-full e-flex e-con e-child\" data-id=\"7075b77\" data-element_type=\"container\">\n\t\t\t\t<div class=\"elementor-element elementor-element-88d55cf elementor-widget__width-initial elementor-widget-divider--view-line elementor-widget elementor-widget-divider\" data-id=\"88d55cf\" data-element_type=\"widget\" data-widget_type=\"divider.default\">\n\t\t\t\t<div class=\"elementor-widget-container\">\n\t\t\t\t\t\t\t<div class=\"elementor-divider\">\n\t\t\t<span class=\"elementor-divider-separator\">\n\t\t\t\t\t\t<\/span>\n\t\t<\/div>\n\t\t\t\t\t\t<\/div>\n\t\t\t\t<\/div>\n\t\t\t\t<div class=\"elementor-element elementor-element-3675299 elementor-widget elementor-widget-heading\" data-id=\"3675299\" data-element_type=\"widget\" data-widget_type=\"heading.default\">\n\t\t\t\t<div class=\"elementor-widget-container\">\n\t\t\t\t\t<h3 class=\"elementor-heading-title elementor-size-default\">Notre pr\u00e9sence sur le terrain<\/h3>\t\t\t\t<\/div>\n\t\t\t\t<\/div>\n\t\t\t\t<\/div>\n\t\t<div class=\"elementor-element elementor-element-d42bda8 e-grid e-con-full e-con e-child\" data-id=\"d42bda8\" data-element_type=\"container\">\n\t\t\t\t<div class=\"elementor-element elementor-element-2588296 elementor-widget elementor-widget-image\" data-id=\"2588296\" data-element_type=\"widget\" data-widget_type=\"image.default\">\n\t\t\t\t<div class=\"elementor-widget-container\">\n\t\t\t\t\t\t\t\t\t\t\t\t\t\t\t<img loading=\"lazy\" decoding=\"async\" width=\"942\" height=\"1024\" src=\"https:\/\/bgefc.org\/rapport-activite\/wp-content\/uploads\/2025\/04\/carte-a-propos-2023-942x1024-1.png\" class=\"attachment-large size-large wp-image-4853\" alt=\"\" srcset=\"https:\/\/bgefc.org\/rapport-activite\/wp-content\/uploads\/2025\/04\/carte-a-propos-2023-942x1024-1.png 942w, https:\/\/bgefc.org\/rapport-activite\/wp-content\/uploads\/2025\/04\/carte-a-propos-2023-942x1024-1-276x300.png 276w, https:\/\/bgefc.org\/rapport-activite\/wp-content\/uploads\/2025\/04\/carte-a-propos-2023-942x1024-1-768x835.png 768w\" sizes=\"(max-width: 942px) 100vw, 942px\" \/>\t\t\t\t\t\t\t\t\t\t\t\t\t\t\t<\/div>\n\t\t\t\t<\/div>\n\t\t<div class=\"elementor-element elementor-element-cc4e2da e-con-full e-flex e-con e-child\" data-id=\"cc4e2da\" data-element_type=\"container\">\n\t\t<div class=\"elementor-element elementor-element-9059d4a e-con-full e-flex e-con e-child\" data-id=\"9059d4a\" data-element_type=\"container\" data-settings=\"{&quot;position&quot;:&quot;absolute&quot;}\">\n\t\t\t\t<div class=\"elementor-element elementor-element-7e00044 texte-sans-marge elementor-widget elementor-widget-text-editor\" data-id=\"7e00044\" data-element_type=\"widget\" data-widget_type=\"text-editor.default\">\n\t\t\t\t<div class=\"elementor-widget-container\">\n\t\t\t\t\t\t\t\t\t<p>549<\/p>\t\t\t\t\t\t\t\t<\/div>\n\t\t\t\t<\/div>\n\t\t\t\t<div class=\"elementor-element elementor-element-ed203a0 texte-sans-marge elementor-widget elementor-widget-text-editor\" data-id=\"ed203a0\" data-element_type=\"widget\" data-widget_type=\"text-editor.default\">\n\t\t\t\t<div class=\"elementor-widget-container\">\n\t\t\t\t\t\t\t\t\t<p>implantations<\/p>\t\t\t\t\t\t\t\t<\/div>\n\t\t\t\t<\/div>\n\t\t\t\t<\/div>\n\t\t<div class=\"elementor-element elementor-element-adc3047 e-con-full e-flex e-con e-child\" data-id=\"adc3047\" data-element_type=\"container\" data-settings=\"{&quot;position&quot;:&quot;absolute&quot;}\">\n\t\t\t\t<div class=\"elementor-element elementor-element-0958d89 texte-sans-marge elementor-widget elementor-widget-text-editor\" data-id=\"0958d89\" data-element_type=\"widget\" data-widget_type=\"text-editor.default\">\n\t\t\t\t<div class=\"elementor-widget-container\">\n\t\t\t\t\t\t\t\t\t<p>31<\/p>\t\t\t\t\t\t\t\t<\/div>\n\t\t\t\t<\/div>\n\t\t\t\t<div class=\"elementor-element elementor-element-ca5748d texte-sans-marge elementor-widget elementor-widget-text-editor\" data-id=\"ca5748d\" data-element_type=\"widget\" data-widget_type=\"text-editor.default\">\n\t\t\t\t<div class=\"elementor-widget-container\">\n\t\t\t\t\t\t\t\t\t<p>structures<\/p>\t\t\t\t\t\t\t\t<\/div>\n\t\t\t\t<\/div>\n\t\t\t\t<\/div>\n\t\t<div class=\"elementor-element elementor-element-a47026c e-con-full e-flex e-con e-child\" data-id=\"a47026c\" data-element_type=\"container\" data-settings=\"{&quot;position&quot;:&quot;absolute&quot;}\">\n\t\t\t\t<div class=\"elementor-element elementor-element-081686c texte-sans-marge elementor-widget elementor-widget-text-editor\" data-id=\"081686c\" data-element_type=\"widget\" data-widget_type=\"text-editor.default\">\n\t\t\t\t<div class=\"elementor-widget-container\">\n\t\t\t\t\t\t\t\t\t<p>1350<\/p>\t\t\t\t\t\t\t\t<\/div>\n\t\t\t\t<\/div>\n\t\t\t\t<div class=\"elementor-element elementor-element-cd6062c texte-sans-marge elementor-widget elementor-widget-text-editor\" data-id=\"cd6062c\" data-element_type=\"widget\" data-widget_type=\"text-editor.default\">\n\t\t\t\t<div class=\"elementor-widget-container\">\n\t\t\t\t\t\t\t\t\t<p>collaborateurs<\/p>\t\t\t\t\t\t\t\t<\/div>\n\t\t\t\t<\/div>\n\t\t\t\t<\/div>\n\t\t\t\t<\/div>\n\t\t\t\t<div class=\"elementor-element elementor-element-d31035e texte-sans-marge elementor-widget elementor-widget-text-editor\" data-id=\"d31035e\" data-element_type=\"widget\" data-widget_type=\"text-editor.default\">\n\t\t\t\t<div class=\"elementor-widget-container\">\n\t\t\t\t\t\t\t\t\t<p><strong>Depuis sa cr\u00e9ation,<\/strong>\u00a0BGE fait le pari de la proximit\u00e9. A l\u2019heure du num\u00e9rique le r\u00e9seau r\u00e9affirme son engagement au plus pr\u00e8s des territoires. Parce que chaque projet entrepreneurial d\u00e9pend de r\u00e9alit\u00e9s \u00e9conomiques et sociales locales, cet ancrage permet de mieux les saisir.<br \/>Gr\u00e2ce \u00e0 lui, les structures BGE imaginent des solutions adapt\u00e9es d\u2019une part aux entrepreneur\u00b7e\u00b7s, en les conseillant au plus pr\u00e8s de leurs march\u00e9s et \u00e9cosyst\u00e8me. Et d\u2019autre part, \u00e0 tous les acteurs locaux du d\u00e9veloppement \u00e9conomique, en agissant sur chaque bassin d\u2019emploi en vue de favoriser le dialogue et les dynamiques collectives. Le tout au service d\u2019un d\u00e9veloppement \u00e9quilibr\u00e9 des territoires.<\/p>\t\t\t\t\t\t\t\t<\/div>\n\t\t\t\t<\/div>\n\t\t\t\t<\/div>\n\t\t<div class=\"elementor-element elementor-element-05e1510 e-con-full e-flex e-con e-child\" data-id=\"05e1510\" data-element_type=\"container\" data-settings=\"{&quot;background_background&quot;:&quot;classic&quot;,&quot;position&quot;:&quot;absolute&quot;}\">\n\t\t\t\t<\/div>\n\t\t\t\t\t<\/div>\n\t\t\t\t<\/div>\n\t\t\t\t<\/div>\n\t\t","protected":false},"excerpt":{"rendered":"<p>\u00c0 propos de BGE Avec ses 45 ann\u00e9es d\u2019expertise, 1 350 collaborateurs et 750 administrateurs b\u00e9n\u00e9voles, le r\u00e9seau BGE continue [&hellip;]<\/p>\n","protected":false},"author":4,"featured_media":0,"parent":0,"menu_order":0,"comment_status":"closed","ping_status":"closed","template":"","meta":{"site-sidebar-layout":"no-sidebar","site-content-layout":"","ast-site-content-layout":"full-width-container","site-content-style":"default","site-sidebar-style":"default","ast-global-header-display":"","ast-banner-title-visibility":"","ast-main-header-display":"","ast-hfb-above-header-display":"","ast-hfb-below-header-display":"","ast-hfb-mobile-header-display":"","site-post-title":"disabled","ast-breadcrumbs-content":"","ast-featured-img":"disabled","footer-sml-layout":"","theme-transparent-header-meta":"","adv-header-id-meta":"","stick-header-meta":"","header-above-stick-meta":"","header-main-stick-meta":"","header-below-stick-meta":"","astra-migrate-meta-layouts":"default","ast-page-background-enabled":"default","ast-page-background-meta":{"desktop":{"background-color":"var(--ast-global-color-4)","background-image":"","background-repeat":"repeat","background-position":"center center","background-size":"auto","background-attachment":"scroll","background-type":"","background-media":"","overlay-type":"","overlay-color":"","overlay-opacity":"","overlay-gradient":""},"tablet":{"background-color":"","background-image":"","background-repeat":"repeat","background-position":"center center","background-size":"auto","background-attachment":"scroll","background-type":"","background-media":"","overlay-type":"","overlay-color":"","overlay-opacity":"","overlay-gradient":""},"mobile":{"background-color":"","background-image":"","background-repeat":"repeat","background-position":"center center","background-size":"auto","background-attachment":"scroll","background-type":"","background-media":"","overlay-type":"","overlay-color":"","overlay-opacity":"","overlay-gradient":""}},"ast-content-background-meta":{"desktop":{"background-color":"var(--ast-global-color-5)","background-image":"","background-repeat":"repeat","background-position":"center center","background-size":"auto","background-attachment":"scroll","background-type":"","background-media":"","overlay-type":"","overlay-color":"","overlay-opacity":"","overlay-gradient":""},"tablet":{"background-color":"var(--ast-global-color-5)","background-image":"","background-repeat":"repeat","background-position":"center center","background-size":"auto","background-attachment":"scroll","background-type":"","background-media":"","overlay-type":"","overlay-color":"","overlay-opacity":"","overlay-gradient":""},"mobile":{"background-color":"var(--ast-global-color-5)","background-image":"","background-repeat":"repeat","background-position":"center center","background-size":"auto","background-attachment":"scroll","background-type":"","background-media":"","overlay-type":"","overlay-color":"","overlay-opacity":"","overlay-gradient":""}},"footnotes":""},"class_list":["post-5531","page","type-page","status-publish","hentry"],"_links":{"self":[{"href":"https:\/\/bgefc.org\/rapport-activite\/wp-json\/wp\/v2\/pages\/5531","targetHints":{"allow":["GET"]}}],"collection":[{"href":"https:\/\/bgefc.org\/rapport-activite\/wp-json\/wp\/v2\/pages"}],"about":[{"href":"https:\/\/bgefc.org\/rapport-activite\/wp-json\/wp\/v2\/types\/page"}],"author":[{"embeddable":true,"href":"https:\/\/bgefc.org\/rapport-activite\/wp-json\/wp\/v2\/users\/4"}],"replies":[{"embeddable":true,"href":"https:\/\/bgefc.org\/rapport-activite\/wp-json\/wp\/v2\/comments?post=5531"}],"version-history":[{"count":1,"href":"https:\/\/bgefc.org\/rapport-activite\/wp-json\/wp\/v2\/pages\/5531\/revisions"}],"predecessor-version":[{"id":5532,"href":"https:\/\/bgefc.org\/rapport-activite\/wp-json\/wp\/v2\/pages\/5531\/revisions\/5532"}],"wp:attachment":[{"href":"https:\/\/bgefc.org\/rapport-activite\/wp-json\/wp\/v2\/media?parent=5531"}],"curies":[{"name":"wp","href":"https:\/\/api.w.org\/{rel}","templated":true}]}}