{"id":5585,"date":"2026-02-19T13:11:12","date_gmt":"2026-02-19T13:11:12","guid":{"rendered":"https:\/\/bgefc.org\/rapport-activite\/?page_id=5585"},"modified":"2026-02-19T13:12:26","modified_gmt":"2026-02-19T13:12:26","slug":"partenaires-2024","status":"publish","type":"page","link":"https:\/\/bgefc.org\/rapport-activite\/partenaires-2024","title":{"rendered":"Partenaires &#8211; 2024"},"content":{"rendered":"\t\t<div data-elementor-type=\"wp-page\" data-elementor-id=\"5585\" class=\"elementor elementor-5585\">\n\t\t\t\t<div class=\"elementor-element elementor-element-24695d92 e-grid e-con-boxed e-con e-parent\" data-id=\"24695d92\" data-element_type=\"container\" data-settings=\"{&quot;background_background&quot;:&quot;classic&quot;}\">\n\t\t\t\t\t<div class=\"e-con-inner\">\n\t\t\t\t<div class=\"elementor-element elementor-element-7dc620dd elementor-widget elementor-widget-image\" data-id=\"7dc620dd\" data-element_type=\"widget\" data-widget_type=\"image.default\">\n\t\t\t\t<div class=\"elementor-widget-container\">\n\t\t\t\t\t\t\t\t\t\t\t\t\t\t\t<img fetchpriority=\"high\" decoding=\"async\" width=\"898\" height=\"1024\" src=\"https:\/\/bgefc.org\/rapport-activite\/wp-content\/uploads\/2025\/05\/ILLU-3-PARTENAIRES-FDBL-HDQ-1-898x1024.png\" class=\"attachment-large size-large wp-image-5403\" alt=\"\" srcset=\"https:\/\/bgefc.org\/rapport-activite\/wp-content\/uploads\/2025\/05\/ILLU-3-PARTENAIRES-FDBL-HDQ-1-898x1024.png 898w, https:\/\/bgefc.org\/rapport-activite\/wp-content\/uploads\/2025\/05\/ILLU-3-PARTENAIRES-FDBL-HDQ-1-263x300.png 263w, https:\/\/bgefc.org\/rapport-activite\/wp-content\/uploads\/2025\/05\/ILLU-3-PARTENAIRES-FDBL-HDQ-1-768x875.png 768w, https:\/\/bgefc.org\/rapport-activite\/wp-content\/uploads\/2025\/05\/ILLU-3-PARTENAIRES-FDBL-HDQ-1.png 1273w\" sizes=\"(max-width: 898px) 100vw, 898px\" \/>\t\t\t\t\t\t\t\t\t\t\t\t\t\t\t<\/div>\n\t\t\t\t<\/div>\n\t\t<div class=\"elementor-element elementor-element-dc5e858 e-con-full e-flex e-con e-child\" data-id=\"dc5e858\" data-element_type=\"container\" data-settings=\"{&quot;background_background&quot;:&quot;classic&quot;}\">\n\t\t\t\t<div class=\"elementor-element elementor-element-37bc0d4b texte-sans-marge elementor-widget elementor-widget-text-editor\" data-id=\"37bc0d4b\" data-element_type=\"widget\" data-widget_type=\"text-editor.default\">\n\t\t\t\t<div class=\"elementor-widget-container\">\n\t\t\t\t\t\t\t\t\t<p>Des partenaires engag\u00e9s \u00e0 nos cot\u00e9s<\/p>\t\t\t\t\t\t\t\t<\/div>\n\t\t\t\t<\/div>\n\t\t\t\t<div class=\"elementor-element elementor-element-1d2144d7 elementor-widget elementor-widget-text-editor\" data-id=\"1d2144d7\" data-element_type=\"widget\" data-widget_type=\"text-editor.default\">\n\t\t\t\t<div class=\"elementor-widget-container\">\n\t\t\t\t\t\t\t\t\t<p>BGE s\u2019appuie sur une strat\u00e9gie de partenariats forte avec tous les acteurs de l\u2019\u00e9cosyst\u00e8me afin de garantir les meilleures chances de succ\u00e8s \u00e0 ses publics : partenariats bancaires, avec les acteurs de la cr\u00e9ation et de l\u2019emploi, acteurs \u00e9conomiques, r\u00e9gions, collectivit\u00e9s\u2026 Plus que jamais, la r\u00e9ussite entrepreneuriale est l\u2019affaire de tous.<\/p>\t\t\t\t\t\t\t\t<\/div>\n\t\t\t\t<\/div>\n\t\t\t\t<\/div>\n\t\t\t\t\t<\/div>\n\t\t\t\t<\/div>\n\t\t<div class=\"elementor-element elementor-element-a5724a8 e-flex e-con-boxed e-con e-parent\" data-id=\"a5724a8\" data-element_type=\"container\">\n\t\t\t\t\t<div class=\"e-con-inner\">\n\t\t\t\t<div class=\"elementor-element elementor-element-5e1a659 elementor-widget-divider--view-line elementor-widget elementor-widget-divider\" data-id=\"5e1a659\" data-element_type=\"widget\" data-widget_type=\"divider.default\">\n\t\t\t\t<div class=\"elementor-widget-container\">\n\t\t\t\t\t\t\t<div class=\"elementor-divider\">\n\t\t\t<span class=\"elementor-divider-separator\">\n\t\t\t\t\t\t<\/span>\n\t\t<\/div>\n\t\t\t\t\t\t<\/div>\n\t\t\t\t<\/div>\n\t\t\t\t<div class=\"elementor-element elementor-element-92c6ccd elementor-widget elementor-widget-heading\" data-id=\"92c6ccd\" data-element_type=\"widget\" data-widget_type=\"heading.default\">\n\t\t\t\t<div class=\"elementor-widget-container\">\n\t\t\t\t\t<h3 class=\"elementor-heading-title elementor-size-default\">MERCI \u00c0 NOS PARTENAIRES<\/h3>\t\t\t\t<\/div>\n\t\t\t\t<\/div>\n\t\t\t\t<div class=\"elementor-element elementor-element-683c846 elementor-widget elementor-widget-heading\" data-id=\"683c846\" data-element_type=\"widget\" data-widget_type=\"heading.default\">\n\t\t\t\t<div class=\"elementor-widget-container\">\n\t\t\t\t\t<h4 class=\"elementor-heading-title elementor-size-default\">Nos partenaires cr\u00e9ation &amp; emploi<\/h4>\t\t\t\t<\/div>\n\t\t\t\t<\/div>\n\t\t\t\t<div class=\"elementor-element elementor-element-ebd89db elementor-widget elementor-widget-text-editor\" data-id=\"ebd89db\" data-element_type=\"widget\" data-widget_type=\"text-editor.default\">\n\t\t\t\t<div class=\"elementor-widget-container\">\n\t\t\t\t\t\t\t\t\t<p>Association pour le Droit \u00e0 l\u2019Initiative \u00c9conomique (ADIE) <strong>\u2022<\/strong> Association de Gestion du Fonds<br \/>pour l\u2019Insertion Professionnelle des Personnes Handicap\u00e9es (AGEFIPH) <strong>\u2022<\/strong> Agefice <strong>\u2022 <\/strong>Avise <strong>\u2022<\/strong><br \/>CAE L\u2019envol <strong>\u2022 <\/strong>Coopilote <strong>\u2022<\/strong> CPAM <strong>\u2022<\/strong> Centre des Jeunes Dirigeants (CJD) <strong>\u2022<\/strong> Chambres du Commerce et de l\u2019Industrie <strong>\u2022<\/strong> Chambres de M\u00e9tiers de l\u2019Artisanat <strong>\u2022<\/strong> Cluster Jura <strong>\u2022<\/strong> CIBC <strong>\u2022 <\/strong>Conf\u00e9d\u00e9ration des PME (CPME) <strong>\u2022 <\/strong>Culture Action <strong>\u2022 <\/strong>Entrepreneurs de la Cit\u00e9 <strong>\u2022<\/strong> Fabrique Num\u00e9rique de Besan\u00e7on <strong>\u2022<\/strong>Fondation 2e Chance <strong>\u2022 <\/strong>France Active <strong>\u2022<\/strong> France Relance <strong>\u2022<\/strong> Initiative France <strong>\u2022 <\/strong>Les Fabriques \u00e0 Entreprendre de Bourgogne-Franche-Comt\u00e9 <strong>\u2022 <\/strong>Minist\u00e8re du travail <strong>\u2022 <\/strong>Missions Locales de Bourgogne Franche-Comt\u00e9 <strong>\u2022<\/strong> Mouvement des entreprises de France (MEDEF) <strong>\u2022 <\/strong>PEIPS <strong>\u2022<\/strong> R\u00e9seau Entreprendre <strong>\u2022<\/strong> R\u00e9seau EVA <strong>\u2022<\/strong> SASTI BFC<\/p>\t\t\t\t\t\t\t\t<\/div>\n\t\t\t\t<\/div>\n\t\t\t\t<div class=\"elementor-element elementor-element-3b396aa elementor-widget elementor-widget-heading\" data-id=\"3b396aa\" data-element_type=\"widget\" data-widget_type=\"heading.default\">\n\t\t\t\t<div class=\"elementor-widget-container\">\n\t\t\t\t\t<h4 class=\"elementor-heading-title elementor-size-default\">Nos partenaires priv\u00e9s<\/h4>\t\t\t\t<\/div>\n\t\t\t\t<\/div>\n\t\t\t\t<div class=\"elementor-element elementor-element-b8fc48e elementor-widget elementor-widget-text-editor\" data-id=\"b8fc48e\" data-element_type=\"widget\" data-widget_type=\"text-editor.default\">\n\t\t\t\t<div class=\"elementor-widget-container\">\n\t\t\t\t\t\t\t\t\t<p>Banque Populaire Bourgogne-Franche-Comt\u00e9 <strong>\u2022 <\/strong>Caisse d\u2019\u00c9pargne <strong>\u2022 <\/strong>Cerfrance <strong>\u2022<\/strong><br \/>CIC Est <strong>\u2022 <\/strong>Cr\u00e9dit Agricole Franche-Comt\u00e9 <strong>\u2022 <\/strong>Consultis Audit <strong>\u2022<\/strong> Ebilyse <strong>\u2022 <\/strong>EDF <strong>\u2022<\/strong> Energie Verte Maison <strong>\u2022 <\/strong>Fiducial <strong>\u2022 <\/strong>Groupama Grand Est <strong>\u2022<\/strong> Groupama Paris Val de Loire <strong>\u2022 <\/strong>Groupama Rh\u00f4ne Alpes Auvergne <strong>\u2022<\/strong> Orange <strong>\u2022<\/strong> La TV de l\u2019Yonne L\u00e9o &amp; associ\u00e9s <strong>\u2022 <\/strong>Mazars <strong>\u2022<\/strong> Orcom <strong>\u2022 <\/strong>OPCO EP <strong>\u2022 <\/strong>Procompta <strong>\u2022 <\/strong> Soci\u00e9t\u00e9 G\u00e9n\u00e9rale <strong>\u2022 <\/strong>Subota\u00ef <strong>\u2022 <\/strong>SwissLife Charquemont <strong>\u2022<\/strong> Transition Pro <strong>\u2022 <\/strong>La Tribu Digitale<\/p>\t\t\t\t\t\t\t\t<\/div>\n\t\t\t\t<\/div>\n\t\t\t\t<div class=\"elementor-element elementor-element-634217b elementor-widget elementor-widget-heading\" data-id=\"634217b\" data-element_type=\"widget\" data-widget_type=\"heading.default\">\n\t\t\t\t<div class=\"elementor-widget-container\">\n\t\t\t\t\t<h4 class=\"elementor-heading-title elementor-size-default\">Nos partenaires publics &amp; parapublics<\/h4>\t\t\t\t<\/div>\n\t\t\t\t<\/div>\n\t\t\t\t<div class=\"elementor-element elementor-element-3ef25b1 elementor-widget elementor-widget-text-editor\" data-id=\"3ef25b1\" data-element_type=\"widget\" data-widget_type=\"text-editor.default\">\n\t\t\t\t<div class=\"elementor-widget-container\">\n\t\t\t\t\t\t\t\t\t<p>Agence Nationale de la Coh\u00e9sion des Territoires (ANCT) <strong>\u2022<\/strong> Bpifrance <strong>\u2022<\/strong> Banque de France <strong>\u2022<\/strong><br \/>Banque des Territoires \/ Caisse des D\u00e9p\u00f4ts et Consignations (CDC) <strong>\u2022 <\/strong>DREETS <strong>\u2022<\/strong><br \/>Fonds Social Europ\u00e9en (FSE) <strong>\u2022<\/strong> Fonjep <strong>\u2022 <\/strong>France Travail <strong>\u2022<\/strong> Minist\u00e8re de la Coh\u00e9sion des territoires <strong>\u2022<\/strong><br \/>Minist\u00e8re du Travail, de l\u2019Emploi et de l\u2019Insertion <strong>\u2022<\/strong> Pr\u00e9fectures du Doubs et du Territoire de Belfort <strong>\u2022<\/strong><br \/>La R\u00e9gion Bourgogne-Franche-Comt\u00e9 <strong>\u2022<\/strong> Conseil D\u00e9partemental de Haute-Sa\u00f4ne <strong>\u2022<\/strong> Conseil D\u00e9partemental de la Ni\u00e8vre <strong>\u2022<\/strong> Conseil D\u00e9partemental de Sa\u00f4ne-et-Loire <strong>\u2022<\/strong> Conseil D\u00e9partemental du Doubs <strong>\u2022<\/strong> Conseil <br \/>D\u00e9partemental du Jura <strong>\u2022<\/strong> Conseil D\u00e9partemental du Territoire de Belfort <strong>\u2022 <\/strong>Charny Or\u00e9e de Puisaye <strong>\u2022<\/strong> Communaut\u00e9 de communes Bazois Loire Morvan <strong>\u2022<\/strong> Communaut\u00e9 de Communes du Jovinien <strong>\u2022 <\/strong>Communaut\u00e9 de Communes de Lure<strong><span data-olk-copy-source=\"MessageBody\">\u2022 <\/span><\/strong>Communaut\u00e9 de Communes du Val de Morteau <strong>\u2022<\/strong> Communaut\u00e9 de communes Puisaye Forterre <strong>\u2022<\/strong><br \/>Communaut\u00e9 de communes Haut nivernais Vaux d\u2019Yonne <strong>\u2022<\/strong> Communaut\u00e9 de communes du Ch\u00e2tillonnais <strong>\u2022 <\/strong>Communaut\u00e9 de communes Morvan Sommets et Grands Lacs <strong>\u2022<\/strong> Communaut\u00e9 Urbaine Creusot Montceau <strong>\u2022 <\/strong>Dijon M\u00e9tropole <strong>\u2022<\/strong> Grand Besan\u00e7on M\u00e9tropole <strong>\u2022<\/strong> Grand Belfort <strong>\u2022<\/strong> Grand Chalon <strong>\u2022 <\/strong>M\u00e2connais Beaujolais Agglom\u00e9ration <strong>\u2022<\/strong> Pays de l\u2019Auxois Morvan <strong>\u2022 <\/strong>Pays de Montb\u00e9liard Agglom\u00e9ration <strong>\u2022 <\/strong>Pays Nivernais Morvan <strong>\u2022<\/strong> Ville d\u2019Autun <strong>\u2022<\/strong> Ville de Belfort <strong>\u2022<\/strong> Ville de Besan\u00e7on <strong>\u2022<\/strong> Ville de Migennes<\/p>\t\t\t\t\t\t\t\t<\/div>\n\t\t\t\t<\/div>\n\t\t\t\t\t<\/div>\n\t\t\t\t<\/div>\n\t\t<div class=\"elementor-element elementor-element-21ee8d7 e-flex e-con-boxed e-con e-parent\" data-id=\"21ee8d7\" data-element_type=\"container\">\n\t\t\t\t\t<div class=\"e-con-inner\">\n\t\t\t\t<div class=\"elementor-element elementor-element-870cd38 elementor-align-center elementor-widget elementor-widget-button\" data-id=\"870cd38\" data-element_type=\"widget\" data-widget_type=\"button.default\">\n\t\t\t\t<div class=\"elementor-widget-container\">\n\t\t\t\t\t\t\t\t\t<div class=\"elementor-button-wrapper\">\n\t\t\t\t\t<a class=\"elementor-button elementor-button-link elementor-size-sm\" href=\"https:\/\/www.bgefc.org\/nos-partenaires\/\" target=\"_blank\">\n\t\t\t\t\t\t<span class=\"elementor-button-content-wrapper\">\n\t\t\t\t\t\t<span class=\"elementor-button-icon\">\n\t\t\t\t\t\t\t<\/span>\n\t\t\t\t\t\t\t\t\t<span class=\"elementor-button-text\">D\u00e9couvrir les partenaires de BGE Franche-Comt\u00e9<\/span>\n\t\t\t\t\t<\/span>\n\t\t\t\t\t<\/a>\n\t\t\t\t<\/div>\n\t\t\t\t\t\t\t\t<\/div>\n\t\t\t\t<\/div>\n\t\t\t\t\t<\/div>\n\t\t\t\t<\/div>\n\t\t\t\t<\/div>\n\t\t","protected":false},"excerpt":{"rendered":"<p>Des partenaires engag\u00e9s \u00e0 nos cot\u00e9s BGE s\u2019appuie sur une strat\u00e9gie de partenariats forte avec tous les acteurs de l\u2019\u00e9cosyst\u00e8me [&hellip;]<\/p>\n","protected":false},"author":4,"featured_media":0,"parent":0,"menu_order":0,"comment_status":"closed","ping_status":"closed","template":"","meta":{"site-sidebar-layout":"no-sidebar","site-content-layout":"","ast-site-content-layout":"full-width-container","site-content-style":"default","site-sidebar-style":"default","ast-global-header-display":"","ast-banner-title-visibility":"","ast-main-header-display":"","ast-hfb-above-header-display":"","ast-hfb-below-header-display":"","ast-hfb-mobile-header-display":"","site-post-title":"disabled","ast-breadcrumbs-content":"","ast-featured-img":"disabled","footer-sml-layout":"","theme-transparent-header-meta":"","adv-header-id-meta":"","stick-header-meta":"","header-above-stick-meta":"","header-main-stick-meta":"","header-below-stick-meta":"","astra-migrate-meta-layouts":"default","ast-page-background-enabled":"default","ast-page-background-meta":{"desktop":{"background-color":"var(--ast-global-color-4)","background-image":"","background-repeat":"repeat","background-position":"center center","background-size":"auto","background-attachment":"scroll","background-type":"","background-media":"","overlay-type":"","overlay-color":"","overlay-opacity":"","overlay-gradient":""},"tablet":{"background-color":"","background-image":"","background-repeat":"repeat","background-position":"center center","background-size":"auto","background-attachment":"scroll","background-type":"","background-media":"","overlay-type":"","overlay-color":"","overlay-opacity":"","overlay-gradient":""},"mobile":{"background-color":"","background-image":"","background-repeat":"repeat","background-position":"center center","background-size":"auto","background-attachment":"scroll","background-type":"","background-media":"","overlay-type":"","overlay-color":"","overlay-opacity":"","overlay-gradient":""}},"ast-content-background-meta":{"desktop":{"background-color":"var(--ast-global-color-5)","background-image":"","background-repeat":"repeat","background-position":"center center","background-size":"auto","background-attachment":"scroll","background-type":"","background-media":"","overlay-type":"","overlay-color":"","overlay-opacity":"","overlay-gradient":""},"tablet":{"background-color":"var(--ast-global-color-5)","background-image":"","background-repeat":"repeat","background-position":"center center","background-size":"auto","background-attachment":"scroll","background-type":"","background-media":"","overlay-type":"","overlay-color":"","overlay-opacity":"","overlay-gradient":""},"mobile":{"background-color":"var(--ast-global-color-5)","background-image":"","background-repeat":"repeat","background-position":"center center","background-size":"auto","background-attachment":"scroll","background-type":"","background-media":"","overlay-type":"","overlay-color":"","overlay-opacity":"","overlay-gradient":""}},"footnotes":""},"class_list":["post-5585","page","type-page","status-publish","hentry"],"_links":{"self":[{"href":"https:\/\/bgefc.org\/rapport-activite\/wp-json\/wp\/v2\/pages\/5585","targetHints":{"allow":["GET"]}}],"collection":[{"href":"https:\/\/bgefc.org\/rapport-activite\/wp-json\/wp\/v2\/pages"}],"about":[{"href":"https:\/\/bgefc.org\/rapport-activite\/wp-json\/wp\/v2\/types\/page"}],"author":[{"embeddable":true,"href":"https:\/\/bgefc.org\/rapport-activite\/wp-json\/wp\/v2\/users\/4"}],"replies":[{"embeddable":true,"href":"https:\/\/bgefc.org\/rapport-activite\/wp-json\/wp\/v2\/comments?post=5585"}],"version-history":[{"count":1,"href":"https:\/\/bgefc.org\/rapport-activite\/wp-json\/wp\/v2\/pages\/5585\/revisions"}],"predecessor-version":[{"id":5586,"href":"https:\/\/bgefc.org\/rapport-activite\/wp-json\/wp\/v2\/pages\/5585\/revisions\/5586"}],"wp:attachment":[{"href":"https:\/\/bgefc.org\/rapport-activite\/wp-json\/wp\/v2\/media?parent=5585"}],"curies":[{"name":"wp","href":"https:\/\/api.w.org\/{rel}","templated":true}]}}